{"id":923,"date":"2016-05-02T17:56:35","date_gmt":"2016-05-02T16:56:35","guid":{"rendered":"http:\/\/www.rk-kerken-sittard.nl\/?page_id=923"},"modified":"2025-06-30T10:28:19","modified_gmt":"2025-06-30T09:28:19","slug":"contact-formulier-misintentie","status":"publish","type":"page","link":"https:\/\/www.rk-kerken-sittard.nl\/?page_id=923","title":{"rendered":"Opgeven misintentie"},"content":{"rendered":"<p><strong>Waarom een mis laten lezen of een misintentie opgeven?<\/strong><\/p>\n<p>De kerk is een gemeenschap van levenden \u00e9n doden. In gebed blijven mensen met elkaar verbonden,\u00a0\u00f3\u00f3k over de grens van de dood heen. In gebed brengen wij de naam van een dierbare dode v\u00f3\u00f3r het\u00a0aangezicht van de Heer. Wij vragen daarbij dat de gestorvene tot voltooiing mag komen in het \u2018Huis\u00a0van de Vader\u2019.<\/p>\n<p>Verder vinden veel nabestaande het belangrijk om een naam in onze geloofsgemeenschap in leven te\u00a0houden. In de kerk waar de gestorvene dierbare zijn\/haar geloof heeft gevierd, wordt z\u00f3 ook\u00a0zijn\/haar naam in herinnering gebracht. Bidden om een definitief thuiskomen in het Hemels\u00a0Vaderhuis \u00e9n om het levend houden van een naam, dat zijn voor gelovige katholieken redenen om\u00a0misintenties op te geven.<\/p>\n<p>.<\/p>\n<p><strong>Welke bijdrage wordt van u gevraagd?<\/strong><\/p>\n<p>De misstipendia komen ten goede aan de kerk. Zie voor de actuele tarieven de pagina <a href=\"https:\/\/www.rk-kerken-sittard.nl\/?page_id=108\">Parochieadministratie<\/a>.<\/p>\n<p>U kunt het stipendium \u2013 onder vermelding van misintentie en datum &#8211; overmaken op :<\/p>\n<ul>\n<li>Voor missen in de St.-Petruskerk of in de St.-Michielskerk:\u00a0rekeningnummer<br \/>\n<strong>NL98 RABO 0147 6036 76<\/strong> t.n.v. parochie H. Petrus en H. Micha\u00ebl<\/li>\n<li>Voor missen in de H. Hart van Jezus (Overhoven):\u00a0rekeningnummer <strong>NL37 INGB 0001 0353 14<\/strong> t.n.v. parochie H. Hart<\/li>\n<li>Voor missen in de St.-Pauluskerk (Limbrichterveld\/Hoogveld):\u00a0rekeningnummer<br \/>\n<strong>NL86 INGB 0003 2686 33<\/strong> t.n.v. Kerkbestuur St.-Paulusparochie<\/li>\n<li>Voor missen in de Basiliek\u00a0rekeningnummer <strong>NL72 RABO 0130 5731 75<\/strong>\u00a0t.n.v. misintentie Basiliek Sittard<\/li>\n<\/ul>\n<p>Het is ook mogelijk de misintentie en het geld persoonlijk af te geven in de sacristie van de St.-Pauluskerk na de eucharistieviering (Limbrichterveld) of tijdens de kantooruren (Overhoven). Voor de beide binnenstadparochies en de parochie H. Bernadette (Baandert) kan men terecht op de pastorie, Kloosterplein 10 of telefonisch (4512275).<\/p>\n<p><strong>Het formulier moet uiterlijk 14 dagen v\u00f3\u00f3r de gewenste datum worden verzonden.<\/strong><br \/>\nWilt u er zeker van zijn dat de misintentie geplaatst wordt in het eerstvolgende parochieblad dan dient de opgave\u00a0<strong>uiterlijk twee weken voor de verschijning van het volgende parochieblad<\/strong>\u00a0in ons bezit te zijn. Voor die datum: zie <a href=\"http:\/\/www.rk-kerken-sittard.nl\/?p=62\">link<\/a>.<br \/>\n<em>Met het invullen en inzenden van het formulier geeft men toestemming voor het publiceren van de misintentie in het parochieblad en de online publicatie daarvan.<\/em><\/p>\n<p>Links naar de opgave formulieren voor een misintentie bestemd voor:<\/p>\n<p>\uf071 <a href=\"http:\/\/www.rk-kerken-sittard.nl\/?page_id=962\">St.-Petruskerk\u00a0<\/a><\/p>\n<p>\uf071 <a href=\"http:\/\/www.rk-kerken-sittard.nl\/?page_id=966\">St.-Michielskerk<\/a><\/p>\n<p>\uf071 <a href=\"http:\/\/www.rk-kerken-sittard.nl\/?page_id=975\">H. Hart van Jezuskerk Overhoven<\/a><\/p>\n<p>\uf071 <a href=\"http:\/\/www.rk-kerken-sittard.nl\/?page_id=969\">St.-Pauluskerk Limbrichterveld<\/a><\/p>\n<p>\uf071 <a href=\"http:\/\/www.rk-kerken-sittard.nl\/?page_id=972\">Basiliek O.L.Vrouw v\/h H.Hart\u00a0<\/a><\/p>\n","protected":false},"excerpt":{"rendered":"<p>Waarom een mis laten lezen of een misintentie opgeven? De kerk is een gemeenschap van levenden \u00e9n doden. In gebed blijven mensen met elkaar verbonden,\u00a0\u00f3\u00f3k over de grens van de dood heen. In gebed brengen wij de naam van een dierbare dode v\u00f3\u00f3r het\u00a0aangezicht van de Heer. Wij vragen daarbij dat de gestorvene tot voltooiing [&hellip;]<\/p>\n","protected":false},"author":3,"featured_media":0,"parent":0,"menu_order":0,"comment_status":"closed","ping_status":"closed","template":"","meta":{"iawp_total_views":559,"footnotes":""},"class_list":["post-923","page","type-page","status-publish","hentry"],"_links":{"self":[{"href":"https:\/\/www.rk-kerken-sittard.nl\/index.php?rest_route=\/wp\/v2\/pages\/923","targetHints":{"allow":["GET"]}}],"collection":[{"href":"https:\/\/www.rk-kerken-sittard.nl\/index.php?rest_route=\/wp\/v2\/pages"}],"about":[{"href":"https:\/\/www.rk-kerken-sittard.nl\/index.php?rest_route=\/wp\/v2\/types\/page"}],"author":[{"embeddable":true,"href":"https:\/\/www.rk-kerken-sittard.nl\/index.php?rest_route=\/wp\/v2\/users\/3"}],"replies":[{"embeddable":true,"href":"https:\/\/www.rk-kerken-sittard.nl\/index.php?rest_route=%2Fwp%2Fv2%2Fcomments&post=923"}],"version-history":[{"count":29,"href":"https:\/\/www.rk-kerken-sittard.nl\/index.php?rest_route=\/wp\/v2\/pages\/923\/revisions"}],"predecessor-version":[{"id":3098,"href":"https:\/\/www.rk-kerken-sittard.nl\/index.php?rest_route=\/wp\/v2\/pages\/923\/revisions\/3098"}],"wp:attachment":[{"href":"https:\/\/www.rk-kerken-sittard.nl\/index.php?rest_route=%2Fwp%2Fv2%2Fmedia&parent=923"}],"curies":[{"name":"wp","href":"https:\/\/api.w.org\/{rel}","templated":true}]}}